{"id":1534,"date":"2025-02-15T20:16:52","date_gmt":"2025-02-15T20:16:52","guid":{"rendered":"https:\/\/mexmotor.mx\/?post_type=product&#038;p=1534"},"modified":"2025-05-03T20:37:39","modified_gmt":"2025-05-03T20:37:39","slug":"motor-7-8-ford-fiesta-ka-1-6-1998-al-2004-remanufacturado-2-anos-de-garantia-en-piezas-internas","status":"publish","type":"product","link":"https:\/\/mexmotor.mx\/index.php\/product\/motor-7-8-ford-fiesta-ka-1-6-1998-al-2004-remanufacturado-2-anos-de-garantia-en-piezas-internas\/","title":{"rendered":"MOTOR 7\/8 FORD FIESTA KA 1.6 1998 AL 2004 REMANUFACTURADO 2 A\u00d1OS DE GARANTIA EN PIEZAS INTERNAS"},"content":{"rendered":"<p>MOTOR 7\/8 FORD FIESTA KA 1.6 1998 AL 2004 REMANUFACTURADO 2 A\u00d1OS DE GARANTIA EN PIEZAS INTERNAS<\/p>\n<p>DESCRIPCION:<br \/>\nMOTOR\u00a0 FORD 1.6L 16V<br \/>\nPARA MODELO 1998 A 2004<br \/>\nEN PRESENTACION 7\/8<br \/>\nFOTOS REALES<br \/>\nLISTO PARA INSTALAR<br \/>\nVIENE TAL CUAL COMO SE MUESTRA EN LAS IMAGENES\u00a0 \u00a0&#8220;UNICA PIEZA&#8221;<br \/>\nCON GARANTIA<\/p>\n<p>1 MOTOR TAL CUAL SE MUESTRA EN LAS FOTOS.<\/p>\n<p>\u2013 SON FOTOS REALES DEL MOTOR QUE SE ENTREGA-<\/p>\n<p>-TIEMPO DE ENTREGA: EL MOTOR SE ENCUENTRA PARA ENTREGA INMEDIATA<br \/>\nUNA VEZ ACREDITADO EL PAGO, SE REALIZA EL ENVIO, POR EL PESO Y VOLUMEN DEL MOTOR SE ENVIA POR 3 GUERRAS.<\/p>\n<p>SE HACEN ENVIOS A TODA LA REPUBLICA MEXICANA , O BIEN PUEDE VENIR POR EL MOTOR DIRECTAMENTE A NUESTRA BODEGA<\/p>\n<p>-GARANT\u00cdA: 2 A\u00d1OS DE GARANT\u00cdA DIRECTAMENTE CON NOSOTROS.<\/p>\n<p>LAS FOTOS SON REALES DEL PRODUCTO QUE SE ENTREGA<\/p>\n<p>******** FACTURACION ********<\/p>\n<p>* SOLO CUENTA CON 5 DIAS DESPUES DE HACER SU COMPRA PARA SOLICITAR FACTURA ENVIANDONOS SUS DATOS FISCALES : CONSTANCIA DE SITUACION FISCAL OBLIGATORIA.<\/p>\n<p>* LA FACTURA SE SOLICITA ENVIANDO SUS DATOS FISCALES POR MEDIO DE LOS MENSAJES PRIVADOS DESDE SU COMPRA , EN LAS COMPRAS CON ENVIO FULL LA MENSAJERIA SE ACTIVA HASTA QUE LE LLEGA LA PIEZA<\/p>\n<p>* SOLO SE FACTURA DURANTE EL MES QUE HIZO SU COMPRA<\/p>\n<p>* LA FACTURA SE EMITE UN DIA DESPUES DE QUE RECIBE SU COMPRA, PARA ASEGURAR QUE NO HAY ERRORES CON SU PEDIDO YA QUE NO HAY CANCELACIONES DE FACTURA.<\/p>\n","protected":false},"excerpt":{"rendered":"<p>MOTOR 7\/8 FORD FIESTA KA 1.6 1998 AL 2004 REMANUFACTURADO 2 A\u00d1OS DE GARANTIA EN PIEZAS INTERNAS DESCRIPCION: MOTOR\u00a0 FORD 1.6L 16V PARA MODELO 1998 A 2004 EN PRESENTACION 7\/8 FOTOS REALES LISTO PARA INSTALAR VIENE TAL CUAL COMO SE MUESTRA EN LAS IMAGENES\u00a0 \u00a0&#8220;UNICA PIEZA&#8221; CON GARANTIA 1 MOTOR TAL CUAL SE MUESTRA EN [&hellip;]<\/p>\n","protected":false},"featured_media":1538,"comment_status":"closed","ping_status":"closed","template":"","meta":[],"product_brand":[],"product_cat":[140],"product_tag":[],"class_list":{"0":"post-1534","1":"product","2":"type-product","3":"status-publish","4":"has-post-thumbnail","6":"product_cat-inventario","8":"first","9":"instock","10":"shipping-taxable","11":"purchasable","12":"product-type-simple"},"_links":{"self":[{"href":"https:\/\/mexmotor.mx\/index.php\/wp-json\/wp\/v2\/product\/1534","targetHints":{"allow":["GET"]}}],"collection":[{"href":"https:\/\/mexmotor.mx\/index.php\/wp-json\/wp\/v2\/product"}],"about":[{"href":"https:\/\/mexmotor.mx\/index.php\/wp-json\/wp\/v2\/types\/product"}],"replies":[{"embeddable":true,"href":"https:\/\/mexmotor.mx\/index.php\/wp-json\/wp\/v2\/comments?post=1534"}],"wp:featuredmedia":[{"embeddable":true,"href":"https:\/\/mexmotor.mx\/index.php\/wp-json\/wp\/v2\/media\/1538"}],"wp:attachment":[{"href":"https:\/\/mexmotor.mx\/index.php\/wp-json\/wp\/v2\/media?parent=1534"}],"wp:term":[{"taxonomy":"product_brand","embeddable":true,"href":"https:\/\/mexmotor.mx\/index.php\/wp-json\/wp\/v2\/product_brand?post=1534"},{"taxonomy":"product_cat","embeddable":true,"href":"https:\/\/mexmotor.mx\/index.php\/wp-json\/wp\/v2\/product_cat?post=1534"},{"taxonomy":"product_tag","embeddable":true,"href":"https:\/\/mexmotor.mx\/index.php\/wp-json\/wp\/v2\/product_tag?post=1534"}],"curies":[{"name":"wp","href":"https:\/\/api.w.org\/{rel}","templated":true}]}}